{"id":2401,"date":"2022-10-05T16:58:58","date_gmt":"2022-10-05T14:58:58","guid":{"rendered":"https:\/\/turturiello.com\/casadibaal\/?post_type=product&#038;p=2401"},"modified":"2023-03-26T19:05:02","modified_gmt":"2023-03-26T17:05:02","slug":"bianco-di-baal","status":"publish","type":"product","link":"https:\/\/www.casadibaal.it\/en\/shop\/vino\/bianco-di-baal\/","title":{"rendered":"Bianco di Baal"},"content":{"rendered":"<p>This is the first wine we made, with the grapes that have always grown in our land. It\u2019s a blend of Fiano, Moscato and Falanghina. \nThe wine is aged on the lees for 6 months in stainless steel, and is ideal when served as an aperitivo. This is a supple and warm wine that is well structured and persistent, with medium acidity. It is very fresh and immediately enjoyable due to the lovely aromatics.<\/p>","protected":false},"excerpt":{"rendered":"<p>\u00c8 il primo vino che abbiamo fatto, con le uve che sono da sempre state presenti nei nostri terreni. \u00c8 un uvaggio di Fiano, Moscato e Falanghina.\u00a0Imbottigliato dopo un affinamento sur lie di 6 mesi in acciaio, \u00e8 il compagno ideale per piatti a base di pesce nonch\u00e9 ottimo come aperitivo. \u00c8 un vino fresco [&hellip;]<\/p>","protected":false},"featured_media":2403,"template":"","meta":{"_acf_changed":false},"product_cat":[52],"product_tag":[],"acf":[],"_links":{"self":[{"href":"https:\/\/www.casadibaal.it\/en\/wp-json\/wp\/v2\/product\/2401"}],"collection":[{"href":"https:\/\/www.casadibaal.it\/en\/wp-json\/wp\/v2\/product"}],"about":[{"href":"https:\/\/www.casadibaal.it\/en\/wp-json\/wp\/v2\/types\/product"}],"version-history":[{"count":2,"href":"https:\/\/www.casadibaal.it\/en\/wp-json\/wp\/v2\/product\/2401\/revisions"}],"predecessor-version":[{"id":3297,"href":"https:\/\/www.casadibaal.it\/en\/wp-json\/wp\/v2\/product\/2401\/revisions\/3297"}],"wp:featuredmedia":[{"embeddable":true,"href":"https:\/\/www.casadibaal.it\/en\/wp-json\/wp\/v2\/media\/2403"}],"wp:attachment":[{"href":"https:\/\/www.casadibaal.it\/en\/wp-json\/wp\/v2\/media?parent=2401"}],"wp:term":[{"taxonomy":"product_cat","embeddable":true,"href":"https:\/\/www.casadibaal.it\/en\/wp-json\/wp\/v2\/product_cat?post=2401"},{"taxonomy":"product_tag","embeddable":true,"href":"https:\/\/www.casadibaal.it\/en\/wp-json\/wp\/v2\/product_tag?post=2401"}],"curies":[{"name":"wp","href":"https:\/\/api.w.org\/{rel}","templated":true}]}}