{"id":2817,"date":"2022-11-02T11:03:36","date_gmt":"2022-11-02T10:03:36","guid":{"rendered":"https:\/\/turturiello.com\/casadibaal\/?post_type=product&#038;p=2817"},"modified":"2026-03-16T18:42:29","modified_gmt":"2026-03-16T17:42:29","slug":"oro-di-baal","status":"publish","type":"product","link":"https:\/\/www.casadibaal.it\/en\/shop\/vino\/oro-di-baal\/","title":{"rendered":"Oro di Baal"},"content":{"rendered":"<div class=\"page\" title=\"Page 1\">\n<div class=\"layoutArea\">\n<div class=\"column\">\n<p>\u00c8 uno spumante metodo classico dosage zero di uve Fiano. In Campania non c\u2019\u00e8 una lunga tradizione di metodo classico e la nostra, \u00e8 una produzione di nicchia. L\u2019Oro di baal spende 36 mesi sui lieviti e l\u2019intero processo di vinificazione, inclusi il remuage e la sboccatura, \u00e8 effettuato manualmente. Fresco e complesso, \u00e8 di buona persistenza. \u00c8 un vino secco ed asciutto e lascia la bocca piacevolmente pulita. Al momento produciamo poco piu\u2019 di 1000 bottiglie.<\/p>\n<\/div>\n<\/div>\n<\/div>","protected":false},"excerpt":{"rendered":"<p>\u00c8 uno spumante metodo classico dosage zero di uve Fiano. In Campania non c\u2019\u00e8 una lunga tradizione di metodo classico e la nostra, \u00e8 una produzione di nicchia. L\u2019Oro di baal spende 36 mesi sui lieviti e l\u2019intero processo di vinificazione, inclusi il remuage e la sboccatura, \u00e8 effettuato manualmente. Fresco e complesso, \u00e8 di [&hellip;]<\/p>","protected":false},"featured_media":2819,"template":"","meta":{"_acf_changed":false},"product_cat":[52],"product_tag":[],"acf":[],"_links":{"self":[{"href":"https:\/\/www.casadibaal.it\/en\/wp-json\/wp\/v2\/product\/2817"}],"collection":[{"href":"https:\/\/www.casadibaal.it\/en\/wp-json\/wp\/v2\/product"}],"about":[{"href":"https:\/\/www.casadibaal.it\/en\/wp-json\/wp\/v2\/types\/product"}],"version-history":[{"count":7,"href":"https:\/\/www.casadibaal.it\/en\/wp-json\/wp\/v2\/product\/2817\/revisions"}],"predecessor-version":[{"id":3797,"href":"https:\/\/www.casadibaal.it\/en\/wp-json\/wp\/v2\/product\/2817\/revisions\/3797"}],"wp:featuredmedia":[{"embeddable":true,"href":"https:\/\/www.casadibaal.it\/en\/wp-json\/wp\/v2\/media\/2819"}],"wp:attachment":[{"href":"https:\/\/www.casadibaal.it\/en\/wp-json\/wp\/v2\/media?parent=2817"}],"wp:term":[{"taxonomy":"product_cat","embeddable":true,"href":"https:\/\/www.casadibaal.it\/en\/wp-json\/wp\/v2\/product_cat?post=2817"},{"taxonomy":"product_tag","embeddable":true,"href":"https:\/\/www.casadibaal.it\/en\/wp-json\/wp\/v2\/product_tag?post=2817"}],"curies":[{"name":"wp","href":"https:\/\/api.w.org\/{rel}","templated":true}]}}